{"id":9476,"date":"2026-03-12T09:19:50","date_gmt":"2026-03-12T08:19:50","guid":{"rendered":"https:\/\/zenpad.li\/?post_type=product&#038;p=9476"},"modified":"2026-04-14T19:25:52","modified_gmt":"2026-04-14T17:25:52","slug":"renew","status":"publish","type":"product","link":"https:\/\/zenpad.li\/en\/product\/renew\/","title":{"rendered":"reNew"},"content":{"rendered":"<p>Bei Ersch\u00f6pfung, Energiemangel und nach k\u00f6rperlicher oder mentaler Belastung kann das ZenPad reNew dabei unterst\u00fctzen, k\u00f6rpereigene Energieprozesse sanft zu begleiten. Dabei stehen die Mitochondrien \u2013 die Kraftwerke der Zellen \u2013 im Mittelpunkt.<\/p>\n<p class=\"font-claude-response-body break-words whitespace-normal leading-[1.7]\">Erfahrungsberichte unserer Kunden zeigen, wie das ZenPad reNew positiv begleiten kann bei:<\/p>\n<ul class=\"[li_&amp;]:mb-0 [li_&amp;]:mt-1 [li_&amp;]:gap-1 [&amp;:not(:last-child)_ul]:pb-1 [&amp;:not(:last-child)_ol]:pb-1 list-disc flex flex-col gap-1 pl-8 mb-3\">\n<li class=\"whitespace-normal break-words pl-2\">Energiemangel und Ersch\u00f6pfungszust\u00e4nden<\/li>\n<li class=\"whitespace-normal break-words pl-2\">verminderter Leistungsf\u00e4higkeit<\/li>\n<li class=\"whitespace-normal break-words pl-2\">verlangsamter Regeneration<\/li>\n<li class=\"whitespace-normal break-words pl-2\">mentaler und k\u00f6rperlicher M\u00fcdigkeit<\/li>\n<li class=\"whitespace-normal break-words pl-2\">Antriebslosigkeit<\/li>\n<li class=\"whitespace-normal break-words pl-2\">Booster f\u00fcr die anderen ZenPads<\/li>\n<\/ul>\n<div class=\"zenpad-shirt-bundle-hinweis\" style=\"border: 3px solid #71CAF3;border-radius: 8px;padding: 10px 15px;margin-top: 25px;width: fit-content\"><strong>SHIRT-BUNDLE:<\/strong> <em>Kein Pflaster notwendig!<\/em> Erhalten Sie ein beliebiges ZenPad jetzt auch mit dem <strong>ZenPad Shirt<\/strong> im Bundle f\u00fcr nur EUR 139 \u2192\u00a0 <a style=\"background-color: #71caf3;color: white;padding: 0 8px 1px 8px;border-radius: 4px\" href=\"https:\/\/zenpad.li\/produkt\/zenpad-shirt-bundle\"><strong>Zum Shirt-Bundle<\/strong><\/a><\/div>\n\n","protected":false},"excerpt":{"rendered":"<p>Bei Ersch\u00f6pfung, Energiemangel und nach k\u00f6rperlicher oder mentaler Belastung kann das ZenPad reNew dabei unterst\u00fctzen, k\u00f6rpereigene Energieprozesse sanft zu begleiten. Dabei stehen die Mitochondrien \u2013 die Kraftwerke der Zellen \u2013 im Mittelpunkt. Erfahrungsberichte unserer Kunden zeigen, wie das ZenPad reNew positiv begleiten kann bei: Energiemangel und Ersch\u00f6pfungszust\u00e4nden verminderter Leistungsf\u00e4higkeit verlangsamter Regeneration mentaler und k\u00f6rperlicher M\u00fcdigkeit [&hellip;]<\/p>\n","protected":false},"featured_media":9462,"comment_status":"open","ping_status":"closed","template":"","meta":{"_monsterinsights_skip_tracking":false,"_monsterinsights_sitenote_active":false,"_monsterinsights_sitenote_note":"","_monsterinsights_sitenote_category":0},"product_brand":[],"product_cat":[60],"product_tag":[156],"class_list":{"0":"post-9476","1":"product","2":"type-product","3":"status-publish","4":"has-post-thumbnail","6":"product_cat-zenpad","7":"product_tag-renew","9":"first","10":"instock","11":"taxable","12":"shipping-taxable","13":"purchasable","14":"product-type-simple"},"jetpack_sharing_enabled":true,"_links":{"self":[{"href":"https:\/\/zenpad.li\/en\/wp-json\/wp\/v2\/product\/9476","targetHints":{"allow":["GET"]}}],"collection":[{"href":"https:\/\/zenpad.li\/en\/wp-json\/wp\/v2\/product"}],"about":[{"href":"https:\/\/zenpad.li\/en\/wp-json\/wp\/v2\/types\/product"}],"replies":[{"embeddable":true,"href":"https:\/\/zenpad.li\/en\/wp-json\/wp\/v2\/comments?post=9476"}],"wp:featuredmedia":[{"embeddable":true,"href":"https:\/\/zenpad.li\/en\/wp-json\/wp\/v2\/media\/9462"}],"wp:attachment":[{"href":"https:\/\/zenpad.li\/en\/wp-json\/wp\/v2\/media?parent=9476"}],"wp:term":[{"taxonomy":"product_brand","embeddable":true,"href":"https:\/\/zenpad.li\/en\/wp-json\/wp\/v2\/product_brand?post=9476"},{"taxonomy":"product_cat","embeddable":true,"href":"https:\/\/zenpad.li\/en\/wp-json\/wp\/v2\/product_cat?post=9476"},{"taxonomy":"product_tag","embeddable":true,"href":"https:\/\/zenpad.li\/en\/wp-json\/wp\/v2\/product_tag?post=9476"}],"curies":[{"name":"wp","href":"https:\/\/api.w.org\/{rel}","templated":true}]}}