{"id":77,"date":"2022-12-10T11:39:40","date_gmt":"2022-12-10T10:39:40","guid":{"rendered":"https:\/\/zenpad.li\/?post_type=product&#038;p=77"},"modified":"2026-03-30T15:30:52","modified_gmt":"2026-03-30T13:30:52","slug":"nopainc","status":"publish","type":"product","link":"https:\/\/zenpad.li\/en\/product\/nopainc\/","title":{"rendered":"NoPain C"},"content":{"rendered":"<p>Can help to improve your well-being in the case of chronic complaints such as<\/p>\n<ul>\n<li>Joint and tendon complaints<\/li>\n<li>Tendon irritation (back, elbows, knees, hands, etc.)<\/li>\n<li>Achilles tendons<\/li>\n<li>Heel spur (plantar fasciitis)<\/li>\n<li>Golf and tennis elbow<\/li>\n<li>Osteoarthritis<\/li>\n<li>Back problems<\/li>\n<li>Supports wound healing (simply stick the ZenPad over the wound plaster) and<\/li>\n<li>Gastrointestinal complaints (especially digestion)<\/li>\n<\/ul>\n<div class=\"zenpad-shirt-bundle-hinweis\" style=\"border: 3px solid #00AA9E;border-radius: 8px;padding: 10px 15px;margin-top: 25px;width: fit-content\"><strong>NoPain-Bundle:<\/strong> Unsure which NoPain ZenPad? Grab the NoPain-BUNDLE for the price of EUR 165 \u2192\u00a0 <a style=\"background-color: #00aa9e;color: white;padding: 0 8px 1px 8px;border-radius: 4px\" href=\"https:\/\/zenpad.li\/en\/product\/nopain-bundle-2er-set\/\"><strong>To the NoPain bundle<\/strong><\/a><\/div>\n\n<div class=\"zenpad-shirt-bundle-hinweis\" style=\"border: 3px solid #71CAF3;border-radius: 8px;padding: 10px 15px;margin-top: 25px;width: fit-content\"><strong>SHIRT-BUNDLE:<\/strong> <em>No plaster necessary!<\/em> Get any ZenPad now with the <strong>ZenPad Shirt<\/strong> in a bundle for only EUR 139 \u2192\u00a0 <a style=\"background-color: #71caf3;color: white;padding: 0 8px 1px 8px;border-radius: 4px\" href=\"https:\/\/zenpad.li\/en\/product\/zenpad-shirt-bundle\/\"><strong>To the shirt bundle<\/strong><\/a><\/div>","protected":false},"excerpt":{"rendered":"<p>Kann zur Steigerung Ihres Wohlbefindens bei chronischen Beschwerden unterst\u00fctzen wie bei: Gelenks- und Sehnenbeschwerden Sehnenreizungen (R\u00fccken, Ellbogen, Knie, H\u00e4nde usw.) Achillessehnen Fersensporn (Plantarfasziitis) Golf- und Tennisarm Arthrose R\u00fcckenbeschwerden Unterst\u00fctzt die Wundheilung (kleben Sie das ZenPad einfach \u00fcber das Wundpflaster) sowie Magen-Darmbeschwerden (va. Verdauung)<\/p>","protected":false},"featured_media":6199,"comment_status":"open","ping_status":"closed","template":"","meta":{"_monsterinsights_skip_tracking":false,"_monsterinsights_sitenote_active":false,"_monsterinsights_sitenote_note":"","_monsterinsights_sitenote_category":0},"product_brand":[],"product_cat":[60],"product_tag":[71,72],"class_list":{"0":"post-77","1":"product","2":"type-product","3":"status-publish","4":"has-post-thumbnail","6":"product_cat-zenpad","7":"product_tag-schmerzfrei","8":"product_tag-schmerzfrei-chronisch","10":"first","11":"instock","12":"taxable","13":"shipping-taxable","14":"purchasable","15":"product-type-simple"},"jetpack_sharing_enabled":true,"_links":{"self":[{"href":"https:\/\/zenpad.li\/en\/wp-json\/wp\/v2\/product\/77","targetHints":{"allow":["GET"]}}],"collection":[{"href":"https:\/\/zenpad.li\/en\/wp-json\/wp\/v2\/product"}],"about":[{"href":"https:\/\/zenpad.li\/en\/wp-json\/wp\/v2\/types\/product"}],"replies":[{"embeddable":true,"href":"https:\/\/zenpad.li\/en\/wp-json\/wp\/v2\/comments?post=77"}],"wp:featuredmedia":[{"embeddable":true,"href":"https:\/\/zenpad.li\/en\/wp-json\/wp\/v2\/media\/6199"}],"wp:attachment":[{"href":"https:\/\/zenpad.li\/en\/wp-json\/wp\/v2\/media?parent=77"}],"wp:term":[{"taxonomy":"product_brand","embeddable":true,"href":"https:\/\/zenpad.li\/en\/wp-json\/wp\/v2\/product_brand?post=77"},{"taxonomy":"product_cat","embeddable":true,"href":"https:\/\/zenpad.li\/en\/wp-json\/wp\/v2\/product_cat?post=77"},{"taxonomy":"product_tag","embeddable":true,"href":"https:\/\/zenpad.li\/en\/wp-json\/wp\/v2\/product_tag?post=77"}],"curies":[{"name":"wp","href":"https:\/\/api.w.org\/{rel}","templated":true}]}}