{"id":75,"date":"2022-12-12T11:29:15","date_gmt":"2022-12-12T10:29:15","guid":{"rendered":"https:\/\/zenpad.li\/?post_type=product&#038;p=75"},"modified":"2026-03-30T15:30:41","modified_gmt":"2026-03-30T13:30:41","slug":"zyklus","status":"publish","type":"product","link":"https:\/\/zenpad.li\/en\/product\/zyklus\/","title":{"rendered":"Zyklus"},"content":{"rendered":"<p>Our customers' testimonials show that the ZenPad Zyklus could help to increase well-being during the menstrual phase:<\/p>\n<p>&nbsp;<\/p>\n<ul>\n<li>Reduces acute physical menstrual problems<\/li>\n<li>Significantly stabilizes the menstrual cycle<\/li>\n<li>specifically activates the body's self-healing powers<\/li>\n<li>stimulates the female organs<\/li>\n<li>Balances the natural fluctuations of the female cycle<\/li>\n<li>restores well-being<\/li>\n<\/ul>\n<p>With <strong>60-day money-back guarantee<\/strong> you can test the ZenPad Zyklus conveniently for 2 month cycles risk-free!<\/p>\n<div class=\"zenpad-shirt-bundle-hinweis\" style=\"border: 3px solid #71CAF3;border-radius: 8px;padding: 10px 15px;margin-top: 25px;width: fit-content\"><strong>SHIRT-BUNDLE:<\/strong> <em>No plaster necessary!<\/em> Get any ZenPad now with the <strong>ZenPad Shirt<\/strong> in a bundle for only EUR 139 \u2192\u00a0 <a style=\"background-color: #71caf3;color: white;padding: 0 8px 1px 8px;border-radius: 4px\" href=\"https:\/\/zenpad.li\/en\/product\/zenpad-shirt-bundle\/\"><strong>To the shirt bundle<\/strong><\/a><\/div>","protected":false},"excerpt":{"rendered":"<p>Die Erfahrungsberichte unserer Kundinnen zeigen, dass das ZenPad Zyklus helfen kann, das Wohlbefinden w\u00e4hrend der Menstruationsphase zu steigern: &nbsp; reduziert akute k\u00f6rperliche Regelprobleme stabilisiert den Monatszyklus signifikant aktiviert gezielt die Selbstheilungskr\u00e4fte des K\u00f6rpers stimuliert die weiblichen Organe balanciert die nat\u00fcrlichen Schwankungen des weiblichen Zyklus stellt das Wohlbefinden wieder her Mit 60 Tagen Geld-zur\u00fcck-Garantie k\u00f6nnen Sie [&hellip;]<\/p>\n","protected":false},"featured_media":6185,"comment_status":"open","ping_status":"closed","template":"","meta":{"_monsterinsights_skip_tracking":false,"_monsterinsights_sitenote_active":false,"_monsterinsights_sitenote_note":"","_monsterinsights_sitenote_category":0},"product_brand":[],"product_cat":[60],"product_tag":[69],"class_list":{"0":"post-75","1":"product","2":"type-product","3":"status-publish","4":"has-post-thumbnail","6":"product_cat-zenpad","7":"product_tag-zyklus","9":"first","10":"instock","11":"taxable","12":"shipping-taxable","13":"purchasable","14":"product-type-simple"},"jetpack_sharing_enabled":true,"_links":{"self":[{"href":"https:\/\/zenpad.li\/en\/wp-json\/wp\/v2\/product\/75","targetHints":{"allow":["GET"]}}],"collection":[{"href":"https:\/\/zenpad.li\/en\/wp-json\/wp\/v2\/product"}],"about":[{"href":"https:\/\/zenpad.li\/en\/wp-json\/wp\/v2\/types\/product"}],"replies":[{"embeddable":true,"href":"https:\/\/zenpad.li\/en\/wp-json\/wp\/v2\/comments?post=75"}],"wp:featuredmedia":[{"embeddable":true,"href":"https:\/\/zenpad.li\/en\/wp-json\/wp\/v2\/media\/6185"}],"wp:attachment":[{"href":"https:\/\/zenpad.li\/en\/wp-json\/wp\/v2\/media?parent=75"}],"wp:term":[{"taxonomy":"product_brand","embeddable":true,"href":"https:\/\/zenpad.li\/en\/wp-json\/wp\/v2\/product_brand?post=75"},{"taxonomy":"product_cat","embeddable":true,"href":"https:\/\/zenpad.li\/en\/wp-json\/wp\/v2\/product_cat?post=75"},{"taxonomy":"product_tag","embeddable":true,"href":"https:\/\/zenpad.li\/en\/wp-json\/wp\/v2\/product_tag?post=75"}],"curies":[{"name":"wp","href":"https:\/\/api.w.org\/{rel}","templated":true}]}}