{"id":625,"date":"2022-12-06T16:36:08","date_gmt":"2022-12-06T15:36:08","guid":{"rendered":"https:\/\/zenpad.li\/?post_type=product&#038;p=625"},"modified":"2026-03-30T15:30:51","modified_gmt":"2026-03-30T13:30:51","slug":"nopain-bundle-2er-set","status":"publish","type":"product","link":"https:\/\/zenpad.li\/en\/product\/nopain-bundle-2er-set\/","title":{"rendered":"noPain A+C Bundle - Set of 2"},"content":{"rendered":"<p>The perfect duo for chronic and\/or acute physical problems.<br \/>\nJe nach Beschwerdesymptomatik ist eine Kombination der beiden ZenPads\u00a0sinnvoll, da beide \u00e4hnliche aber dennoch unterschiedliche Frequenzmuster aufweisen. So haben sie beide ZenPad NoPain und k\u00f6nnen schnell und einfach ausprobieren, welche der Richtige ist. Beide ZenPads k\u00f6nnen auch nebeneinander auf derselben Beschwerdestelle verwendet werden.<strong><br \/>\n<\/strong><\/p>\n<p>The bundle gives you the flexibility to try out both ZenPads!<\/p>","protected":false},"excerpt":{"rendered":"<p>Das perfekte Duo bei chronischen und\/oder akuten k\u00f6rperlichen Problemen. Je nach Beschwerdesymptomatik ist eine Kombination der beiden ZenPads\u00a0sinnvoll, da beide \u00e4hnliche aber dennoch unterschiedliche Frequenzmuster aufweisen. So haben sie beide ZenPad NoPain und k\u00f6nnen schnell und einfach ausprobieren, welche der Richtige ist. Beide ZenPads k\u00f6nnen auch nebeneinander auf derselben Beschwerdestelle verwendet werden. Das Bundle gibt [&hellip;]<\/p>\n","protected":false},"featured_media":6197,"comment_status":"open","ping_status":"closed","template":"","meta":{"_monsterinsights_skip_tracking":false,"_monsterinsights_sitenote_active":false,"_monsterinsights_sitenote_note":"","_monsterinsights_sitenote_category":0},"product_brand":[],"product_cat":[59],"product_tag":[],"class_list":{"0":"post-625","1":"product","2":"type-product","3":"status-publish","4":"has-post-thumbnail","6":"product_cat-set","8":"first","9":"instock","10":"sale","11":"taxable","12":"shipping-taxable","13":"purchasable","14":"product-type-woosb"},"jetpack_sharing_enabled":true,"_links":{"self":[{"href":"https:\/\/zenpad.li\/en\/wp-json\/wp\/v2\/product\/625","targetHints":{"allow":["GET"]}}],"collection":[{"href":"https:\/\/zenpad.li\/en\/wp-json\/wp\/v2\/product"}],"about":[{"href":"https:\/\/zenpad.li\/en\/wp-json\/wp\/v2\/types\/product"}],"replies":[{"embeddable":true,"href":"https:\/\/zenpad.li\/en\/wp-json\/wp\/v2\/comments?post=625"}],"wp:featuredmedia":[{"embeddable":true,"href":"https:\/\/zenpad.li\/en\/wp-json\/wp\/v2\/media\/6197"}],"wp:attachment":[{"href":"https:\/\/zenpad.li\/en\/wp-json\/wp\/v2\/media?parent=625"}],"wp:term":[{"taxonomy":"product_brand","embeddable":true,"href":"https:\/\/zenpad.li\/en\/wp-json\/wp\/v2\/product_brand?post=625"},{"taxonomy":"product_cat","embeddable":true,"href":"https:\/\/zenpad.li\/en\/wp-json\/wp\/v2\/product_cat?post=625"},{"taxonomy":"product_tag","embeddable":true,"href":"https:\/\/zenpad.li\/en\/wp-json\/wp\/v2\/product_tag?post=625"}],"curies":[{"name":"wp","href":"https:\/\/api.w.org\/{rel}","templated":true}]}}