{"id":5747,"date":"2024-12-04T12:29:41","date_gmt":"2024-12-04T11:29:41","guid":{"rendered":"https:\/\/zenpad.li\/?post_type=product&#038;p=5747"},"modified":"2026-04-21T08:55:46","modified_gmt":"2026-04-21T06:55:46","slug":"zenpad-shirt-bundle","status":"publish","type":"product","link":"https:\/\/zenpad.li\/en\/product\/zenpad-shirt-bundle\/","title":{"rendered":"ZenPad &amp; Shirt Bundle"},"content":{"rendered":"<h3>Experience the perfect symbiosis of innovative frequency therapy and maximum wearing comfort with our ZenPad &amp; Shirt Bundle - <strong>and save over 13%<\/strong><\/h3>\n<p>Dieses exklusive Set erm\u00f6glicht es Ihnen, Ihr ausgew\u00e4hltes ZenPad auf eine v\u00f6llig neue Art zu nutzen. Das speziell entwickelte Shirt verf\u00fcgt \u00fcber integrierte F\u00e4cher auf der Innenseite, die Ihr ZenPad sicher und bequem an Ort und Stelle halten, ganz ohne Befestigungspflaster. Ob beim Sport, in der Freizeit oder w\u00e4hrend des Schlafs \u2013 genie\u00dfen Sie maximale Flexibilit\u00e4t und Effektivit\u00e4t bei der Anwendung Ihres ZenPads.<\/p>\n<p>Profitieren Sie jetzt von diesem Angebot und sparen Sie <strong>21 EUR\/CHF<\/strong> compared to the individual purchase!<\/p>","protected":false},"excerpt":{"rendered":"<p>Erleben Sie die perfekte Symbiose aus innovativer Frequenztherapie und h\u00f6chstem Tragekomfort mit unserem ZenPad &amp; Shirt Bundle \u2013 und sparen Sie dabei \u00fcber 13% Dieses exklusive Set erm\u00f6glicht es Ihnen, Ihr ausgew\u00e4hltes ZenPad auf eine v\u00f6llig neue Art zu nutzen. Das speziell entwickelte Shirt verf\u00fcgt \u00fcber integrierte F\u00e4cher auf der Innenseite, die Ihr ZenPad sicher [&hellip;]<\/p>\n","protected":false},"featured_media":5658,"comment_status":"open","ping_status":"closed","template":"","meta":{"_monsterinsights_skip_tracking":false,"_monsterinsights_sitenote_active":false,"_monsterinsights_sitenote_note":"","_monsterinsights_sitenote_category":0},"product_brand":[],"product_cat":[59],"product_tag":[],"class_list":{"0":"post-5747","1":"product","2":"type-product","3":"status-publish","4":"has-post-thumbnail","6":"product_cat-set","8":"first","9":"instock","10":"sale","11":"taxable","12":"shipping-taxable","13":"purchasable","14":"product-type-composite"},"jetpack_sharing_enabled":true,"_links":{"self":[{"href":"https:\/\/zenpad.li\/en\/wp-json\/wp\/v2\/product\/5747","targetHints":{"allow":["GET"]}}],"collection":[{"href":"https:\/\/zenpad.li\/en\/wp-json\/wp\/v2\/product"}],"about":[{"href":"https:\/\/zenpad.li\/en\/wp-json\/wp\/v2\/types\/product"}],"replies":[{"embeddable":true,"href":"https:\/\/zenpad.li\/en\/wp-json\/wp\/v2\/comments?post=5747"}],"wp:featuredmedia":[{"embeddable":true,"href":"https:\/\/zenpad.li\/en\/wp-json\/wp\/v2\/media\/5658"}],"wp:attachment":[{"href":"https:\/\/zenpad.li\/en\/wp-json\/wp\/v2\/media?parent=5747"}],"wp:term":[{"taxonomy":"product_brand","embeddable":true,"href":"https:\/\/zenpad.li\/en\/wp-json\/wp\/v2\/product_brand?post=5747"},{"taxonomy":"product_cat","embeddable":true,"href":"https:\/\/zenpad.li\/en\/wp-json\/wp\/v2\/product_cat?post=5747"},{"taxonomy":"product_tag","embeddable":true,"href":"https:\/\/zenpad.li\/en\/wp-json\/wp\/v2\/product_tag?post=5747"}],"curies":[{"name":"wp","href":"https:\/\/api.w.org\/{rel}","templated":true}]}}