{"id":5641,"date":"2024-11-26T19:42:39","date_gmt":"2024-11-26T18:42:39","guid":{"rendered":"https:\/\/zenpad.li\/?post_type=product&#038;p=5641"},"modified":"2025-10-13T10:46:59","modified_gmt":"2025-10-13T08:46:59","slug":"zenpad-shirt","status":"publish","type":"product","link":"https:\/\/zenpad.li\/en\/product\/zenpad-shirt\/","title":{"rendered":"ZenPad Shirt"},"content":{"rendered":"<h2>Innovative shirt with compartments for ZenPads<\/h2>\n<p>With this shirt, you will experience a completely new way of using ZenPads. Instead of the traditional fixation with patches on the skin, you now have integrated compartments that hold your pads securely and comfortably in place. The high-quality material, consisting of 82% polyamide and 18% elastane, adapts to your skin like a second layer, dries quickly and is particularly easy to care for.<\/p>\n<p>Whether for sport, leisure or as a comfortable sleep shirt - the ZenPad shirt is exceptionally comfortable to wear. Functionality and skin-friendliness come together here and ensure optimum comfort.<\/p>\n\n<div style=\"background-color: #f7f7fb; border-radius: 8px; padding: 10px 15px; margin-top: 25px;\">The ZenPad shirt should be worn close-fitting - so don't order it too large. Thanks to its high elasticity and freedom of movement, it adapts perfectly to your body without constricting. <a href=\"https:\/\/vimeo.com\/1035983772\/5adf7f0e1e\" target=\"_blank\" rel=\"noopener\">Find here a shirt video man front view<\/a> and <a href=\"https:\/\/vimeo.com\/1035983876\/a18bed3663\">Back view<\/a>.<\/div>\n<div class=\"zenpad-shirt-bundle-hinweis\" style=\"border: 3px solid #71CAF3;border-radius: 8px;padding: 10px 15px;margin-top: 25px;width: fit-content\"><strong>SHIRT-BUNDLE:<\/strong> <em>No plaster necessary!<\/em> Get any ZenPad now with the <strong>ZenPad Shirt<\/strong> in a bundle for only EUR 139 \u2192\u00a0 <a style=\"background-color: #71caf3;color: white;padding: 0 8px 1px 8px;border-radius: 4px\" href=\"https:\/\/zenpad.li\/en\/product\/zenpad-shirt-bundle\/\"><strong>To the shirt bundle<\/strong><\/a><\/div>","protected":false},"excerpt":{"rendered":"<p>Innovatives Shirt mit F\u00e4chern f\u00fcr ZenPads Mit diesem Shirt erleben Sie eine v\u00f6llig neue Art, ZenPads zu nutzen. Anstelle der herk\u00f6mmlichen Fixierung mit Pflastern auf der Haut verf\u00fcgen Sie nun \u00fcber integrierte F\u00e4cher, die Ihre Pads sicher und bequem an Ort und Stelle halten. Das hochwertige Material, bestehend aus 82% Polyamid und 18% Elasthan, passt [&hellip;]<\/p>\n","protected":false},"featured_media":5653,"comment_status":"open","ping_status":"closed","template":"","meta":{"_monsterinsights_skip_tracking":false,"_monsterinsights_sitenote_active":false,"_monsterinsights_sitenote_note":"","_monsterinsights_sitenote_category":0},"product_brand":[],"product_cat":[144],"product_tag":[],"class_list":{"0":"post-5641","1":"product","2":"type-product","3":"status-publish","4":"has-post-thumbnail","6":"product_cat-shirt","8":"first","9":"instock","10":"taxable","11":"shipping-taxable","12":"purchasable","13":"product-type-variable"},"jetpack_sharing_enabled":true,"_links":{"self":[{"href":"https:\/\/zenpad.li\/en\/wp-json\/wp\/v2\/product\/5641","targetHints":{"allow":["GET"]}}],"collection":[{"href":"https:\/\/zenpad.li\/en\/wp-json\/wp\/v2\/product"}],"about":[{"href":"https:\/\/zenpad.li\/en\/wp-json\/wp\/v2\/types\/product"}],"replies":[{"embeddable":true,"href":"https:\/\/zenpad.li\/en\/wp-json\/wp\/v2\/comments?post=5641"}],"wp:featuredmedia":[{"embeddable":true,"href":"https:\/\/zenpad.li\/en\/wp-json\/wp\/v2\/media\/5653"}],"wp:attachment":[{"href":"https:\/\/zenpad.li\/en\/wp-json\/wp\/v2\/media?parent=5641"}],"wp:term":[{"taxonomy":"product_brand","embeddable":true,"href":"https:\/\/zenpad.li\/en\/wp-json\/wp\/v2\/product_brand?post=5641"},{"taxonomy":"product_cat","embeddable":true,"href":"https:\/\/zenpad.li\/en\/wp-json\/wp\/v2\/product_cat?post=5641"},{"taxonomy":"product_tag","embeddable":true,"href":"https:\/\/zenpad.li\/en\/wp-json\/wp\/v2\/product_tag?post=5641"}],"curies":[{"name":"wp","href":"https:\/\/api.w.org\/{rel}","templated":true}]}}