{"id":192,"date":"2022-12-07T14:14:01","date_gmt":"2022-12-07T13:14:01","guid":{"rendered":"https:\/\/zenpad.li\/?post_type=product&#038;p=192"},"modified":"2026-05-04T15:59:15","modified_gmt":"2026-05-04T13:59:15","slug":"pflaster","status":"publish","type":"product","link":"https:\/\/zenpad.li\/en\/product\/pflaster\/","title":{"rendered":"Kinesio-Tapes (80 St\u00fcck &#8211; einzeln abziehbar)"},"content":{"rendered":"<pre>Diese getesteten (u.a. latexfrei), hautfreundlichen und hochwertigen <strong>Kinesio-Tapes<\/strong> dienen zur Anbringung der ZenPads am K\u00f6rper. Aus hygienischen Gr\u00fcnden ist es ratsam, das Tape alle 3-4 Tage zu wechseln. Sollte wider Erwarten R\u00f6tungen oder Juckreiz auf der Haut auftreten, verwenden Sie ein anderes Pflaster oder Tape mit \u00e4hnlichen Massen Ihrer Wahl.<\/pre>\n<p><strong>ACHTUNG<\/strong>: Verf\u00fcgbar in den Einheiten von jeweils <strong>80 St\u00fcck pro ROLLE (einzeln abziehbar).<\/strong><br \/>\nGr\u00f6\u00dfe der Tapes je 50&#215;65 mm<\/p>\n<p><strong>Info zum Produktbild:<\/strong> <strong>Das sind noch die alten Pflaster<\/strong>. Die neuen Fotos und Anwendungsvideos kommen demn\u00e4chst. Danke f\u00fcr Ihre Geduld!<\/p>\n<p>&nbsp;<\/p>","protected":false},"excerpt":{"rendered":"<p>Diese getesteten (u.a. latexfrei), hautfreundlichen und hochwertigen Kinesio-Tapes dienen zur Anbringung der ZenPads am K\u00f6rper. Aus hygienischen Gr\u00fcnden ist es ratsam, das Tape alle 3-4 Tage zu wechseln. Sollte wider Erwarten R\u00f6tungen oder Juckreiz auf der Haut auftreten, verwenden Sie ein anderes Pflaster oder Tape mit \u00e4hnlichen Massen Ihrer Wahl. ACHTUNG: Verf\u00fcgbar in den Einheiten [&hellip;]<\/p>\n","protected":false},"featured_media":576,"comment_status":"open","ping_status":"closed","template":"","meta":{"_monsterinsights_skip_tracking":false,"_monsterinsights_sitenote_active":false,"_monsterinsights_sitenote_note":"","_monsterinsights_sitenote_category":0},"product_brand":[],"product_cat":[146],"product_tag":[],"class_list":{"0":"post-192","1":"product","2":"type-product","3":"status-publish","4":"has-post-thumbnail","6":"product_cat-pflaster","8":"first","9":"instock","10":"taxable","11":"shipping-taxable","12":"purchasable","13":"product-type-simple"},"jetpack_sharing_enabled":true,"_links":{"self":[{"href":"https:\/\/zenpad.li\/en\/wp-json\/wp\/v2\/product\/192","targetHints":{"allow":["GET"]}}],"collection":[{"href":"https:\/\/zenpad.li\/en\/wp-json\/wp\/v2\/product"}],"about":[{"href":"https:\/\/zenpad.li\/en\/wp-json\/wp\/v2\/types\/product"}],"replies":[{"embeddable":true,"href":"https:\/\/zenpad.li\/en\/wp-json\/wp\/v2\/comments?post=192"}],"wp:featuredmedia":[{"embeddable":true,"href":"https:\/\/zenpad.li\/en\/wp-json\/wp\/v2\/media\/576"}],"wp:attachment":[{"href":"https:\/\/zenpad.li\/en\/wp-json\/wp\/v2\/media?parent=192"}],"wp:term":[{"taxonomy":"product_brand","embeddable":true,"href":"https:\/\/zenpad.li\/en\/wp-json\/wp\/v2\/product_brand?post=192"},{"taxonomy":"product_cat","embeddable":true,"href":"https:\/\/zenpad.li\/en\/wp-json\/wp\/v2\/product_cat?post=192"},{"taxonomy":"product_tag","embeddable":true,"href":"https:\/\/zenpad.li\/en\/wp-json\/wp\/v2\/product_tag?post=192"}],"curies":[{"name":"wp","href":"https:\/\/api.w.org\/{rel}","templated":true}]}}