{"id":602,"date":"2022-12-13T16:03:52","date_gmt":"2022-12-13T15:03:52","guid":{"rendered":"https:\/\/zenpad.li\/?page_id=602"},"modified":"2024-09-15T10:20:42","modified_gmt":"2024-09-15T08:20:42","slug":"datenschutz","status":"publish","type":"page","link":"https:\/\/zenpad.li\/en\/datenschutz\/","title":{"rendered":"Data protection"},"content":{"rendered":"<div data-elementor-type=\"wp-page\" data-elementor-id=\"602\" class=\"elementor elementor-602\" data-elementor-post-type=\"page\">\n\t\t\t\t\t\t<section class=\"elementor-section elementor-top-section elementor-element elementor-element-61a4c46 elementor-section-boxed elementor-section-height-default elementor-section-height-default\" data-id=\"61a4c46\" data-element_type=\"section\" data-e-type=\"section\" data-settings=\"{&quot;jet_parallax_layout_list&quot;:[]}\">\n\t\t\t\t\t\t<div class=\"elementor-container elementor-column-gap-default\">\n\t\t\t\t\t<div class=\"elementor-column elementor-col-100 elementor-top-column elementor-element elementor-element-2f7a6e9\" data-id=\"2f7a6e9\" data-element_type=\"column\" data-e-type=\"column\">\n\t\t\t<div class=\"elementor-widget-wrap elementor-element-populated\">\n\t\t\t\t\t\t<div class=\"elementor-element elementor-element-9d112dd elementor-widget elementor-widget-heading\" data-id=\"9d112dd\" data-element_type=\"widget\" data-e-type=\"widget\" data-widget_type=\"heading.default\">\n\t\t\t\t<div class=\"elementor-widget-container\">\n\t\t\t\t\t<h1 class=\"elementor-heading-title elementor-size-default\">Data protection<\/h1>\t\t\t\t<\/div>\n\t\t\t\t<\/div>\n\t\t\t\t<div class=\"elementor-element elementor-element-5dc6461 elementor-widget elementor-widget-spacer\" data-id=\"5dc6461\" data-element_type=\"widget\" data-e-type=\"widget\" data-widget_type=\"spacer.default\">\n\t\t\t\t<div class=\"elementor-widget-container\">\n\t\t\t\t\t\t\t<div class=\"elementor-spacer\">\n\t\t\t<div class=\"elementor-spacer-inner\"><\/div>\n\t\t<\/div>\n\t\t\t\t\t\t<\/div>\n\t\t\t\t<\/div>\n\t\t\t\t<div class=\"elementor-element elementor-element-2aa9787 elementor-widget elementor-widget-text-editor\" data-id=\"2aa9787\" data-element_type=\"widget\" data-e-type=\"widget\" data-widget_type=\"text-editor.default\">\n\t\t\t\t<div class=\"elementor-widget-container\">\n\t\t\t\t\t\t\t\t\t<p>The protection of your personal data is important to us. We process your data exclusively in accordance with the relevant statutory provisions (GDPR). Below we inform you about the most important aspects of data processing in the context of our website or a business relationship.<\/p>\n<p>Please bear in mind that data transmission on the Internet can always be subject to security vulnerabilities. Complete protection against access by third parties is not possible.<\/p>\n<p><\/p>\n<p><strong>Personal data<\/strong><br>We process the personal data that we receive from you in the context of a business relationship for the purpose of communication. If you contact us via the website or by e-mail, the data you provide will be stored by us for the purpose of processing the inquiry and in case of further questions or record keeping. We will not pass this data on to third parties without your consent.<\/p>\n<p><\/p>\n<p><strong>Data transfer &amp; processors<\/strong><br>Data will not be transferred to third parties unless this is necessary to fulfill the contract. If there is a legal obligation, your data will also be passed on to public bodies and institutions (e.g. tax authorities, insurance companies, etc.).<\/p>\n<p><\/p>\n<p><strong>Information, correction and deletion<\/strong><br>On request, we will inform you whether and what personal data we have stored about you. If, despite our efforts to ensure that data is correct and up to date, incorrect information is stored, we will correct it at your request. In principle, you have the right to information, correction, deletion, restriction, data portability, revocation and objection of your stored data under the conditions of the applicable data protection law. If you believe that the processing of your data violates data protection law or that your data protection rights have been violated in any other way, you can lodge a complaint with the supervisory authority. In Liechtenstein, this is the data protection authority: www.datenschutzstelle.li<\/p>\n<p><\/p>\n<p><strong>SSL encryption<\/strong><br>For security reasons, we use an SSL certificate on our website, which you can recognize in the address bar of the browser by the addition \"https:\/\/\", a green address bar, the term \"secure\", a \"lock symbol\" or similar. This significantly increases security when transmitting data via forms.<\/p>\n<p><\/p>\n<p><strong>Access data<br><\/strong>The provider collects data about every access to this website in the form of \"server log files\". These include the address (URL) of the page accessed, the date and time of access, the amount of data transferred, the operating system and browser program used and the IP address used to access the site. The log data is only used for statistical evaluations, for the purpose of optimizing the service and for troubleshooting. However, the provider reserves the right to check the server log files retrospectively if there are concrete indications of unlawful use.<\/p>\n<p><\/p>\n<p><strong>Contact details<\/strong><br>ViCo Systems GmbH - Manfred Zaisberger<br>R\u00e4tikonstrasse 13 - 9490 Vaduz- Liechtenstein<br>T +423 787 62 52 - info@zenpad.li<\/p>\n<p><\/p>\n<p><strong>Liability<\/strong><\/p>\n<p>The contents of this website have been carefully compiled and checked. However, no guarantee can be given with regard to correctness, completeness, functionality, topicality and constant availability. All information is provided without guarantee and liability is excluded.<br><br>The respective operators are responsible for the content of external, linked online offers. All content on this website is protected by copyright. Any use, even in part, is prohibited without the consent of the operator or the author.<\/p>\t\t\t\t\t\t\t\t<\/div>\n\t\t\t\t<\/div>\n\t\t\t\t\t<\/div>\n\t\t<\/div>\n\t\t\t\t\t<\/div>\n\t\t<\/section>\n\t\t\t\t<\/div>","protected":false},"excerpt":{"rendered":"<p>Der Schutz Ihrer pers\u00f6nlichen Daten ist uns wichtig. Wir verarbeiten Ihre Daten ausschlie\u00dflich im Rahmen der relevanten gesetzlichen Bestimmungen (DSGVO). Nachfolgend informieren wir Sie \u00fcber die wichtigsten Aspekte der Datenverarbeitung im Rahmen unserer Website oder einer Gesch\u00e4ftsbeziehung. Bedenken Sie, dass die Daten\u00fcbertragung im Internet grunds\u00e4tzlich mit Sicherheitsl\u00fccken bedacht sein kann. Ein vollumf\u00e4nglicher Schutz vor dem [&hellip;]<\/p>\n","protected":false},"author":1,"featured_media":0,"parent":0,"menu_order":27,"comment_status":"closed","ping_status":"closed","template":"","meta":{"_monsterinsights_skip_tracking":false,"_monsterinsights_sitenote_active":false,"_monsterinsights_sitenote_note":"","_monsterinsights_sitenote_category":0,"footnotes":""},"class_list":["post-602","page","type-page","status-publish","hentry"],"jetpack_sharing_enabled":true,"_links":{"self":[{"href":"https:\/\/zenpad.li\/en\/wp-json\/wp\/v2\/pages\/602","targetHints":{"allow":["GET"]}}],"collection":[{"href":"https:\/\/zenpad.li\/en\/wp-json\/wp\/v2\/pages"}],"about":[{"href":"https:\/\/zenpad.li\/en\/wp-json\/wp\/v2\/types\/page"}],"author":[{"embeddable":true,"href":"https:\/\/zenpad.li\/en\/wp-json\/wp\/v2\/users\/1"}],"replies":[{"embeddable":true,"href":"https:\/\/zenpad.li\/en\/wp-json\/wp\/v2\/comments?post=602"}],"version-history":[{"count":3,"href":"https:\/\/zenpad.li\/en\/wp-json\/wp\/v2\/pages\/602\/revisions"}],"predecessor-version":[{"id":5233,"href":"https:\/\/zenpad.li\/en\/wp-json\/wp\/v2\/pages\/602\/revisions\/5233"}],"wp:attachment":[{"href":"https:\/\/zenpad.li\/en\/wp-json\/wp\/v2\/media?parent=602"}],"curies":[{"name":"wp","href":"https:\/\/api.w.org\/{rel}","templated":true}]}}