{"id":4167,"date":"2024-07-15T11:40:12","date_gmt":"2024-07-15T09:40:12","guid":{"rendered":"https:\/\/zenpad.li\/?page_id=4167"},"modified":"2024-09-06T13:41:18","modified_gmt":"2024-09-06T11:41:18","slug":"ueber-uns","status":"publish","type":"page","link":"https:\/\/zenpad.li\/en\/ueber-uns\/","title":{"rendered":"Background \/ About us"},"content":{"rendered":"<div data-elementor-type=\"wp-page\" data-elementor-id=\"4167\" class=\"elementor elementor-4167\" data-elementor-post-type=\"page\">\n\t\t\t\t\t\t<section class=\"elementor-section elementor-top-section elementor-element elementor-element-a799701 elementor-section-height-min-height elementor-section-boxed elementor-section-height-default elementor-section-items-middle\" data-id=\"a799701\" data-element_type=\"section\" data-e-type=\"section\" data-settings=\"{&quot;jet_parallax_layout_list&quot;:[],&quot;background_background&quot;:&quot;classic&quot;}\">\n\t\t\t\t\t\t\t<div class=\"elementor-background-overlay\"><\/div>\n\t\t\t\t\t\t\t<div class=\"elementor-container elementor-column-gap-default\">\n\t\t\t\t\t<div class=\"elementor-column elementor-col-100 elementor-top-column elementor-element elementor-element-bece152\" data-id=\"bece152\" data-element_type=\"column\" data-e-type=\"column\">\n\t\t\t<div class=\"elementor-widget-wrap elementor-element-populated\">\n\t\t\t\t\t\t<div class=\"elementor-element elementor-element-34f183c elementor-widget__width-initial elementor-widget elementor-widget-heading\" data-id=\"34f183c\" data-element_type=\"widget\" data-e-type=\"widget\" data-widget_type=\"heading.default\">\n\t\t\t\t<div class=\"elementor-widget-container\">\n\t\t\t\t\t<h1 class=\"elementor-heading-title elementor-size-default\">Whether plants, animals or even us humans:\nEvery matter, every organism, vibrates<\/h1>\t\t\t\t<\/div>\n\t\t\t\t<\/div>\n\t\t\t\t\t<\/div>\n\t\t<\/div>\n\t\t\t\t\t<\/div>\n\t\t<\/section>\n\t\t\t\t<section class=\"elementor-section elementor-top-section elementor-element elementor-element-1011f67 elementor-section-boxed elementor-section-height-default elementor-section-height-default\" data-id=\"1011f67\" data-element_type=\"section\" data-e-type=\"section\" data-settings=\"{&quot;jet_parallax_layout_list&quot;:[]}\">\n\t\t\t\t\t\t<div class=\"elementor-container elementor-column-gap-wider\">\n\t\t\t\t\t<div class=\"elementor-column elementor-col-50 elementor-top-column elementor-element elementor-element-45c524b\" data-id=\"45c524b\" data-element_type=\"column\" data-e-type=\"column\">\n\t\t\t<div class=\"elementor-widget-wrap elementor-element-populated\">\n\t\t\t\t\t\t<div class=\"elementor-element elementor-element-fb136b0 elementor-widget__width-initial elementor-widget elementor-widget-text-editor\" data-id=\"fb136b0\" data-element_type=\"widget\" data-e-type=\"widget\" data-widget_type=\"text-editor.default\">\n\t\t\t\t<div class=\"elementor-widget-container\">\n\t\t\t\t\t\t\t\t\t<p><b>Vibrations consist of the most diverse and countless frequencies. This means that each of our cells and organs has a certain natural vibration, which is essential for our well-being and vitality.<\/b><\/p><p><b><br><\/b><\/p>\n<p>If the organism is burdened by negative external vibrations, this weakens the immune system, which can lead to health problems.<\/p>\n<p>The cause of these negative vibrations can be natural (water veins \/ earth radiation) or artificially generated magnetic fields (cell phone \/ WLAN, cars, e-smog).  This leads to disturbances in the earth's natural magnetic field, which in turn has a negative influence on our environment. This also applies to impairments of the body, e.g. due to injuries.<\/p>\t\t\t\t\t\t\t\t<\/div>\n\t\t\t\t<\/div>\n\t\t\t\t\t<\/div>\n\t\t<\/div>\n\t\t\t\t<div class=\"elementor-column elementor-col-50 elementor-top-column elementor-element elementor-element-086126b\" data-id=\"086126b\" data-element_type=\"column\" data-e-type=\"column\">\n\t\t\t<div class=\"elementor-widget-wrap elementor-element-populated\">\n\t\t\t\t\t\t<div class=\"elementor-element elementor-element-6357253 elementor-widget__width-initial elementor-widget elementor-widget-text-editor\" data-id=\"6357253\" data-element_type=\"widget\" data-e-type=\"widget\" data-widget_type=\"text-editor.default\">\n\t\t\t\t<div class=\"elementor-widget-container\">\n\t\t\t\t\t\t\t\t\t<p><b>Our expertise<br \/><\/b> <br \/>After years of research, our scientists (experts from Switzerland, Liechtenstein and Germany) have developed a method that \"feeds\" positive frequency patterns into the body. The body absorbs these frequencies and resonates with the transmitted positive vibrations. This results in an interaction. This harmonizes the body, strongly supports cell regeneration and charges it with positive energy. Or as we say: good vibes!<\/p><p>Around 2,500 years ago, the Greek philosopher Heraclitus of Ephesus explained the natural process of constant becoming and change as \"everything flows\" (panta rhei). Nowadays, scientists explain that \"everything vibrates\".<\/p>\t\t\t\t\t\t\t\t<\/div>\n\t\t\t\t<\/div>\n\t\t\t\t\t<\/div>\n\t\t<\/div>\n\t\t\t\t\t<\/div>\n\t\t<\/section>\n\t\t\t\t<section class=\"elementor-section elementor-top-section elementor-element elementor-element-a4f1e8f elementor-section-boxed elementor-section-height-default elementor-section-height-default\" data-id=\"a4f1e8f\" data-element_type=\"section\" data-e-type=\"section\" data-settings=\"{&quot;jet_parallax_layout_list&quot;:[]}\">\n\t\t\t\t\t\t<div class=\"elementor-container elementor-column-gap-default\">\n\t\t\t\t\t<div class=\"elementor-column elementor-col-100 elementor-top-column elementor-element elementor-element-fbbdb73\" data-id=\"fbbdb73\" data-element_type=\"column\" data-e-type=\"column\">\n\t\t\t<div class=\"elementor-widget-wrap elementor-element-populated\">\n\t\t\t\t\t\t<div class=\"elementor-element elementor-element-a6bb709 elementor-widget elementor-widget-text-editor\" data-id=\"a6bb709\" data-element_type=\"widget\" data-e-type=\"widget\" data-widget_type=\"text-editor.default\">\n\t\t\t\t<div class=\"elementor-widget-container\">\n\t\t\t\t\t\t\t\t\t<p><b>Albert Einstein already said: \"The future of medicine is a medicine of frequencies\"!<\/b><\/p><p>We have nothing to do with pseudoscience. We rely on empirical research and science. At the same time, however, we do not close ourselves off to topics and processes that we feel ourselves and that are good for our well-being!\u00a0<\/p><p>\u00a0<\/p><p><strong>We can identify with that! This is why we developed the ZenPads. The intention is to create added value for people and for society and to do so sustainably.\u00a0<\/strong><\/p>\t\t\t\t\t\t\t\t<\/div>\n\t\t\t\t<\/div>\n\t\t\t\t<div class=\"elementor-element elementor-element-9901749 elementor-align-left e-transform elementor-button-info elementor-mobile-align-left elementor-widget elementor-widget-button\" data-id=\"9901749\" data-element_type=\"widget\" data-e-type=\"widget\" data-settings=\"{&quot;_transform_translateY_effect_hover&quot;:{&quot;unit&quot;:&quot;px&quot;,&quot;size&quot;:-3,&quot;sizes&quot;:[]},&quot;_transform_translateX_effect_hover&quot;:{&quot;unit&quot;:&quot;px&quot;,&quot;size&quot;:&quot;&quot;,&quot;sizes&quot;:[]},&quot;_transform_translateX_effect_hover_tablet&quot;:{&quot;unit&quot;:&quot;px&quot;,&quot;size&quot;:&quot;&quot;,&quot;sizes&quot;:[]},&quot;_transform_translateX_effect_hover_mobile&quot;:{&quot;unit&quot;:&quot;px&quot;,&quot;size&quot;:&quot;&quot;,&quot;sizes&quot;:[]},&quot;_transform_translateY_effect_hover_tablet&quot;:{&quot;unit&quot;:&quot;px&quot;,&quot;size&quot;:&quot;&quot;,&quot;sizes&quot;:[]},&quot;_transform_translateY_effect_hover_mobile&quot;:{&quot;unit&quot;:&quot;px&quot;,&quot;size&quot;:&quot;&quot;,&quot;sizes&quot;:[]}}\" data-widget_type=\"button.default\">\n\t\t\t\t<div class=\"elementor-widget-container\">\n\t\t\t\t\t\t\t\t\t<div class=\"elementor-button-wrapper\">\n\t\t\t\t\t<a class=\"elementor-button elementor-button-link elementor-size-sm\" href=\"#\">\n\t\t\t\t\t\t<span class=\"elementor-button-content-wrapper\">\n\t\t\t\t\t\t\t\t\t<span class=\"elementor-button-text\">To the science section<\/span>\n\t\t\t\t\t<\/span>\n\t\t\t\t\t<\/a>\n\t\t\t\t<\/div>\n\t\t\t\t\t\t\t\t<\/div>\n\t\t\t\t<\/div>\n\t\t\t\t\t<\/div>\n\t\t<\/div>\n\t\t\t\t\t<\/div>\n\t\t<\/section>\n\t\t\t\t<\/div>","protected":false},"excerpt":{"rendered":"<p>Ob Pflanzen, Tiere und auch wir Menschen: Jede Materie, jeder Organismus, schwingt \u200b Schwingungen bestehen aus unterschiedlichsten und unz\u00e4hligen Frequenzen. Das bedeutet, dass jede unserer Zellen und jedes Organ eine gewisse Eigenschwingung hat, die f\u00fcr unser Wohlbefinden und unsere Vitalit\u00e4t essenziell ist. Wird nun der Organismus durch negative \u00e4u\u00dfere Schwingungen belastet, schw\u00e4cht dies das Immunsystem, [&hellip;]<\/p>\n","protected":false},"author":169,"featured_media":0,"parent":0,"menu_order":3,"comment_status":"closed","ping_status":"closed","template":"","meta":{"_monsterinsights_skip_tracking":false,"_monsterinsights_sitenote_active":false,"_monsterinsights_sitenote_note":"","_monsterinsights_sitenote_category":0,"footnotes":""},"class_list":["post-4167","page","type-page","status-publish","hentry"],"jetpack_sharing_enabled":true,"_links":{"self":[{"href":"https:\/\/zenpad.li\/en\/wp-json\/wp\/v2\/pages\/4167","targetHints":{"allow":["GET"]}}],"collection":[{"href":"https:\/\/zenpad.li\/en\/wp-json\/wp\/v2\/pages"}],"about":[{"href":"https:\/\/zenpad.li\/en\/wp-json\/wp\/v2\/types\/page"}],"author":[{"embeddable":true,"href":"https:\/\/zenpad.li\/en\/wp-json\/wp\/v2\/users\/169"}],"replies":[{"embeddable":true,"href":"https:\/\/zenpad.li\/en\/wp-json\/wp\/v2\/comments?post=4167"}],"version-history":[{"count":56,"href":"https:\/\/zenpad.li\/en\/wp-json\/wp\/v2\/pages\/4167\/revisions"}],"predecessor-version":[{"id":4856,"href":"https:\/\/zenpad.li\/en\/wp-json\/wp\/v2\/pages\/4167\/revisions\/4856"}],"wp:attachment":[{"href":"https:\/\/zenpad.li\/en\/wp-json\/wp\/v2\/media?parent=4167"}],"curies":[{"name":"wp","href":"https:\/\/api.w.org\/{rel}","templated":true}]}}