{"id":1137,"date":"2023-03-28T13:58:38","date_gmt":"2023-03-28T11:58:38","guid":{"rendered":"https:\/\/zenpad.li\/?page_id=1137"},"modified":"2026-02-27T09:20:24","modified_gmt":"2026-02-27T08:20:24","slug":"vertriebspartner-werden","status":"publish","type":"page","link":"https:\/\/zenpad.li\/en\/vertriebspartner-werden\/","title":{"rendered":"Become a sales partner?"},"content":{"rendered":"\t\t<div data-elementor-type=\"wp-page\" data-elementor-id=\"1137\" class=\"elementor elementor-1137\" data-elementor-post-type=\"page\">\n\t\t\t\t\t\t<section class=\"elementor-section elementor-top-section elementor-element elementor-element-d6c191b elementor-section-height-min-height elementor-section-items-top elementor-section-boxed elementor-section-height-default\" data-id=\"d6c191b\" data-element_type=\"section\" data-e-type=\"section\" data-settings=\"{&quot;background_background&quot;:&quot;classic&quot;,&quot;jet_parallax_layout_list&quot;:[]}\">\n\t\t\t\t\t\t\t<div class=\"elementor-background-overlay\"><\/div>\n\t\t\t\t\t\t\t<div class=\"elementor-container elementor-column-gap-default\">\n\t\t\t\t\t<div class=\"elementor-column elementor-col-100 elementor-top-column elementor-element elementor-element-da4a6b7\" data-id=\"da4a6b7\" data-element_type=\"column\" data-e-type=\"column\">\n\t\t\t<div class=\"elementor-widget-wrap elementor-element-populated\">\n\t\t\t\t\t\t<div class=\"elementor-element elementor-element-acc7f23 elementor-widget__width-initial elementor-widget elementor-widget-heading\" data-id=\"acc7f23\" data-element_type=\"widget\" data-e-type=\"widget\" data-widget_type=\"heading.default\">\n\t\t\t\t<div class=\"elementor-widget-container\">\n\t\t\t\t\t<h1 class=\"elementor-heading-title elementor-size-default\">Vertriebspartner:in werden?<\/h1>\t\t\t\t<\/div>\n\t\t\t\t<\/div>\n\t\t\t\t\t<\/div>\n\t\t<\/div>\n\t\t\t\t\t<\/div>\n\t\t<\/section>\n\t\t\t\t<section class=\"elementor-section elementor-top-section elementor-element elementor-element-43acc6f elementor-section-boxed elementor-section-height-default elementor-section-height-default\" data-id=\"43acc6f\" data-element_type=\"section\" data-e-type=\"section\" data-settings=\"{&quot;jet_parallax_layout_list&quot;:[]}\">\n\t\t\t\t\t\t<div class=\"elementor-container elementor-column-gap-default\">\n\t\t\t\t\t<div class=\"elementor-column elementor-col-100 elementor-top-column elementor-element elementor-element-04cb81f\" data-id=\"04cb81f\" data-element_type=\"column\" data-e-type=\"column\">\n\t\t\t<div class=\"elementor-widget-wrap elementor-element-populated\">\n\t\t\t\t\t\t<div class=\"elementor-element elementor-element-d829d7c elementor-widget elementor-widget-text-editor\" data-id=\"d829d7c\" data-element_type=\"widget\" data-e-type=\"widget\" data-widget_type=\"text-editor.default\">\n\t\t\t\t<div class=\"elementor-widget-container\">\n\t\t\t\t\t\t\t\t\t<h2><strong>Wir freuen uns \u00fcber Dein Interesse, unsere ZenPad\u00b0-Produkte zu vertreiben!<\/strong><\/h2>\t\t\t\t\t\t\t\t<\/div>\n\t\t\t\t<\/div>\n\t\t\t\t<div class=\"elementor-element elementor-element-b596a6f elementor-widget elementor-widget-text-editor\" data-id=\"b596a6f\" data-element_type=\"widget\" data-e-type=\"widget\" data-widget_type=\"text-editor.default\">\n\t\t\t\t<div class=\"elementor-widget-container\">\n\t\t\t\t\t\t\t\t\t<p><span style=\"color: #060303; font-family: Manrope, sans-serif; font-size: 18px;\">Unser Credo ist es, einen Beitrag zur F\u00f6rderung eines ges\u00fcnderen und nachhaltigeren Lebensstils zu leisten und somit das Wohlbefinden unserer Kunden zu f\u00f6rdern. Unsere ZenPads basieren auf wissenschaftlicher Forschung und entsprechen den h\u00f6chsten Standards, um das k\u00f6rperliche und geistige Wohlbefinden unserer Kunden zu f\u00f6rdern. Wir haben hart daran gearbeitet, Produkte zu entwickeln, die nicht nur effektiv sind sondern auch leistbar bleiben. Dein Beitrag als Vertriebspartner kann dieses Ziel unterst\u00fctzen und Du verdienst dabei.<\/span><\/p>\n<p><b>Wenn Du<\/b><\/p>\n<ul>\n<li>\n<p>Interesse an frequenzbasierter Wirkungsweise unserer Produkte hast<\/p>\n<\/li>\n<li>\n<p><b>Therapeut in alle Richtungen, Arzt, Apotheker bzw. in verwandten heilenden Berufen t\u00e4tig bist&nbsp;<\/b><\/p>\n<\/li>\n<li>\n<p>kommunikativ bist und unsere Technologie mit Freude an unsere gemeinsamen Kunden \u00fcbermitteln m\u00f6chtest<\/p>\n<\/li>\n<li>\n<p>offen bist f\u00fcr die \u201eMedizin der Frequenzen\u201c (wie Einstein schon sagte), damit<\/p>\n<\/li>\n<li>\n<p>unsere gemeinsamen Kunden mit unserer Technologie zu h\u00f6herem Wohlbefinden verhelfen und<\/p>\n<\/li>\n<li>\n<p>bestm\u00f6glich mit Deinem Beruf kombinieren kannst<\/p>\n<\/li>\n<\/ul>\n<p><b>Dann bist Du genau richtig bei uns!<\/b><\/p>\n<p><b>Das k\u00f6nnen wir anbieten:<\/b><\/p>\n<ul>\n<li>\n<p>Hochwertige Qualit\u00e4tsprodukte, die Deine Patienten mitbegleiten k\u00f6nnen<\/p>\n<\/li>\n<li>\n<p>Einfacher Einkauf\/Bestellung \u00fcber unser B2B Portal&nbsp;<\/p>\n<\/li>\n<li>\n<p>Unsere Unterst\u00fctzung im Marketingbereich (Folder, Verpackungen, Werbungsmaterial usw.) sowie in Schulungen<\/p>\n<\/li>\n<li>\n<p>Du agierst als Wiederverk\u00e4ufer im B2C Bereich auf eigene Rechnung oder vermittelst \u00fcber unsere Website auf Provisionsbasis<\/p>\n<\/li>\n<li>\n<p>Attraktive Einkaufskonditionen<\/p>\n<\/li>\n<\/ul>\n<p>Wenn Du Dich mit unserer Philosophie und Idee identifizieren kannst und Interesse am Vertrieb unseres ZenPad\u00b0 Sortiments hast und mehr wissen m\u00f6chtest, dann schick uns eine E-Mail an info@zenpad.li oder verwende unser Kontaktformular.<\/p><p>Wir haben derzeit sehr viele Anfragen f\u00fcr Vertriebspartnerschaften &#8211; was uns sehr freut -, bitten Euch daher um Geduld hinsichtlich unserer Antwort. <b>Gleichzeitig ersuchen wir um Verst\u00e4ndnis, dass wir derzeit ausschliesslich Therapeuten (alle Bereiche) und \u00c4rzte sowie Menschen in heilenden Berufen antworten. Wir danken f\u00fcr Euer Verst\u00e4ndnis.<\/b><\/p>\t\t\t\t\t\t\t\t<\/div>\n\t\t\t\t<\/div>\n\t\t\t\t\t<\/div>\n\t\t<\/div>\n\t\t\t\t\t<\/div>\n\t\t<\/section>\n\t\t\t\t<section class=\"elementor-section elementor-top-section elementor-element elementor-element-ea9c8a9 elementor-section-boxed elementor-section-height-default elementor-section-height-default\" data-id=\"ea9c8a9\" data-element_type=\"section\" data-e-type=\"section\" data-settings=\"{&quot;jet_parallax_layout_list&quot;:[]}\">\n\t\t\t\t\t\t<div class=\"elementor-container elementor-column-gap-default\">\n\t\t\t\t\t<div class=\"elementor-column elementor-col-100 elementor-top-column elementor-element elementor-element-db3dbe3\" data-id=\"db3dbe3\" data-element_type=\"column\" data-e-type=\"column\">\n\t\t\t<div class=\"elementor-widget-wrap elementor-element-populated\">\n\t\t\t\t\t\t<div class=\"elementor-element elementor-element-03668ce elementor-widget elementor-widget-text-editor\" data-id=\"03668ce\" data-element_type=\"widget\" data-e-type=\"widget\" data-widget_type=\"text-editor.default\">\n\t\t\t\t<div class=\"elementor-widget-container\">\n\t\t\t\t\t\t\t\t\t<h2>Schicke uns eine Nachricht, wir melden uns!<\/h2>\t\t\t\t\t\t\t\t<\/div>\n\t\t\t\t<\/div>\n\t\t\t\t<div class=\"elementor-element elementor-element-6df3875 elementor-button-align-end elementor-widget elementor-widget-form\" data-id=\"6df3875\" data-element_type=\"widget\" data-e-type=\"widget\" data-settings=\"{&quot;step_next_label&quot;:&quot;N\\u00e4chster&quot;,&quot;step_previous_label&quot;:&quot;Voriger&quot;,&quot;button_width&quot;:&quot;100&quot;,&quot;step_type&quot;:&quot;number_text&quot;,&quot;step_icon_shape&quot;:&quot;circle&quot;}\" data-widget_type=\"form.default\">\n\t\t\t\t<div class=\"elementor-widget-container\">\n\t\t\t\t\t\t\t<form class=\"elementor-form\" method=\"post\" name=\"Neues Formular\" aria-label=\"Neues Formular\">\n\t\t\t<input type=\"hidden\" name=\"post_id\" value=\"1137\"\/>\n\t\t\t<input type=\"hidden\" name=\"form_id\" value=\"6df3875\"\/>\n\t\t\t<input type=\"hidden\" name=\"referer_title\" value=\"Vertriebspartner:in werden?\" \/>\n\n\t\t\t\t\t\t\t<input type=\"hidden\" name=\"queried_id\" value=\"1137\"\/>\n\t\t\t\n\t\t\t<div class=\"elementor-form-fields-wrapper elementor-labels-above\">\n\t\t\t\t\t\t\t\t<div class=\"elementor-field-type-text elementor-field-group elementor-column elementor-field-group-name elementor-col-50 elementor-field-required\">\n\t\t\t\t\t\t\t\t\t\t\t\t<label for=\"form-field-name\" class=\"elementor-field-label\">\n\t\t\t\t\t\t\t\tVorname\t\t\t\t\t\t\t<\/label>\n\t\t\t\t\t\t\t\t\t\t\t\t\t\t<input size=\"1\" type=\"text\" name=\"form_fields[name]\" id=\"form-field-name\" class=\"elementor-field elementor-size-sm  elementor-field-textual\" placeholder=\"Vorname\" required=\"required\">\n\t\t\t\t\t\t\t\t\t\t\t<\/div>\n\t\t\t\t\t\t\t\t<div class=\"elementor-field-type-text elementor-field-group elementor-column elementor-field-group-field_af036bd elementor-col-50 elementor-field-required\">\n\t\t\t\t\t\t\t\t\t\t\t\t<label for=\"form-field-field_af036bd\" class=\"elementor-field-label\">\n\t\t\t\t\t\t\t\tNachname\t\t\t\t\t\t\t<\/label>\n\t\t\t\t\t\t\t\t\t\t\t\t\t\t<input size=\"1\" type=\"text\" name=\"form_fields[field_af036bd]\" id=\"form-field-field_af036bd\" class=\"elementor-field elementor-size-sm  elementor-field-textual\" placeholder=\"Nachname\" required=\"required\">\n\t\t\t\t\t\t\t\t\t\t\t<\/div>\n\t\t\t\t\t\t\t\t<div class=\"elementor-field-type-email elementor-field-group elementor-column elementor-field-group-email elementor-col-50 elementor-field-required\">\n\t\t\t\t\t\t\t\t\t\t\t\t<label for=\"form-field-email\" class=\"elementor-field-label\">\n\t\t\t\t\t\t\t\tE-Mail\t\t\t\t\t\t\t<\/label>\n\t\t\t\t\t\t\t\t\t\t\t\t\t\t<input size=\"1\" type=\"email\" name=\"form_fields[email]\" id=\"form-field-email\" class=\"elementor-field elementor-size-sm  elementor-field-textual\" placeholder=\"E-Mail\" required=\"required\">\n\t\t\t\t\t\t\t\t\t\t\t<\/div>\n\t\t\t\t\t\t\t\t<div class=\"elementor-field-type-tel elementor-field-group elementor-column elementor-field-group-field_06e899a elementor-col-50\">\n\t\t\t\t\t\t\t\t\t\t\t\t<label for=\"form-field-field_06e899a\" class=\"elementor-field-label\">\n\t\t\t\t\t\t\t\tTelefon\t\t\t\t\t\t\t<\/label>\n\t\t\t\t\t\t\t\t<input size=\"1\" type=\"tel\" name=\"form_fields[field_06e899a]\" id=\"form-field-field_06e899a\" class=\"elementor-field elementor-size-sm  elementor-field-textual\" placeholder=\"Telefon\" pattern=\"[0-9()#&amp;+*-=.]+\" title=\"Nur Nummern oder Telefon-Zeichen (#, -, *, etc) werden akzeptiert.\">\n\n\t\t\t\t\t\t<\/div>\n\t\t\t\t\t\t\t\t<div class=\"elementor-field-type-textarea elementor-field-group elementor-column elementor-field-group-message elementor-col-100\">\n\t\t\t\t\t\t\t\t\t\t\t\t<label for=\"form-field-message\" class=\"elementor-field-label\">\n\t\t\t\t\t\t\t\tNachricht\t\t\t\t\t\t\t<\/label>\n\t\t\t\t\t\t<textarea class=\"elementor-field-textual elementor-field  elementor-size-sm\" name=\"form_fields[message]\" id=\"form-field-message\" rows=\"4\" placeholder=\"Nachricht\"><\/textarea>\t\t\t\t<\/div>\n\t\t\t\t\t\t\t\t<div class=\"elementor-field-type-recaptcha_v3 elementor-field-group elementor-column elementor-field-group-field_30ee28d elementor-col-100 recaptcha_v3-bottomright\">\n\t\t\t\t\t<div class=\"elementor-field\" id=\"form-field-field_30ee28d\"><div class=\"elementor-g-recaptcha\" data-sitekey=\"6LcY3DgrAAAAAGML0hP9AozObwrtJzISh2La7Kxz\" data-type=\"v3\" data-action=\"Form\" data-badge=\"bottomright\" data-size=\"invisible\"><\/div><\/div>\t\t\t\t<\/div>\n\t\t\t\t\t\t\t\t<div class=\"elementor-field-group elementor-column elementor-field-type-submit elementor-col-100 e-form__buttons\">\n\t\t\t\t\t<button class=\"elementor-button elementor-size-sm\" type=\"submit\">\n\t\t\t\t\t\t<span class=\"elementor-button-content-wrapper\">\n\t\t\t\t\t\t\t\t\t\t\t\t\t\t\t\t\t\t\t\t\t\t<span class=\"elementor-button-text\">Absenden<\/span>\n\t\t\t\t\t\t\t\t\t\t\t\t\t<\/span>\n\t\t\t\t\t<\/button>\n\t\t\t\t<\/div>\n\t\t\t<\/div>\n\t\t<\/form>\n\t\t\t\t\t\t<\/div>\n\t\t\t\t<\/div>\n\t\t\t\t\t<\/div>\n\t\t<\/div>\n\t\t\t\t\t<\/div>\n\t\t<\/section>\n\t\t\t\t<\/div>\n\t\t","protected":false},"excerpt":{"rendered":"<p>Vertriebspartner:in werden? Wir freuen uns \u00fcber Dein Interesse, unsere ZenPad\u00b0-Produkte zu vertreiben! Unser Credo ist es, einen Beitrag zur F\u00f6rderung eines ges\u00fcnderen und nachhaltigeren Lebensstils zu leisten und somit das Wohlbefinden unserer Kunden zu f\u00f6rdern. Unsere ZenPads basieren auf wissenschaftlicher Forschung und entsprechen den h\u00f6chsten Standards, um das k\u00f6rperliche und geistige Wohlbefinden unserer Kunden zu [&hellip;]<\/p>\n","protected":false},"author":4,"featured_media":0,"parent":0,"menu_order":4,"comment_status":"closed","ping_status":"closed","template":"","meta":{"_monsterinsights_skip_tracking":false,"_monsterinsights_sitenote_active":false,"_monsterinsights_sitenote_note":"","_monsterinsights_sitenote_category":0,"footnotes":""},"class_list":["post-1137","page","type-page","status-publish","hentry"],"jetpack_sharing_enabled":true,"_links":{"self":[{"href":"https:\/\/zenpad.li\/en\/wp-json\/wp\/v2\/pages\/1137","targetHints":{"allow":["GET"]}}],"collection":[{"href":"https:\/\/zenpad.li\/en\/wp-json\/wp\/v2\/pages"}],"about":[{"href":"https:\/\/zenpad.li\/en\/wp-json\/wp\/v2\/types\/page"}],"author":[{"embeddable":true,"href":"https:\/\/zenpad.li\/en\/wp-json\/wp\/v2\/users\/4"}],"replies":[{"embeddable":true,"href":"https:\/\/zenpad.li\/en\/wp-json\/wp\/v2\/comments?post=1137"}],"version-history":[{"count":63,"href":"https:\/\/zenpad.li\/en\/wp-json\/wp\/v2\/pages\/1137\/revisions"}],"predecessor-version":[{"id":9355,"href":"https:\/\/zenpad.li\/en\/wp-json\/wp\/v2\/pages\/1137\/revisions\/9355"}],"wp:attachment":[{"href":"https:\/\/zenpad.li\/en\/wp-json\/wp\/v2\/media?parent=1137"}],"curies":[{"name":"wp","href":"https:\/\/api.w.org\/{rel}","templated":true}]}}